{"id":240988,"date":"2021-05-05T18:30:00","date_gmt":"2021-05-05T18:30:00","guid":{"rendered":"https:\/\/demo.divi-pixel.com\/creative-new\/?page_id=240988"},"modified":"2025-06-13T20:22:52","modified_gmt":"2025-06-13T20:22:52","slug":"tanatologia","status":"publish","type":"page","link":"https:\/\/lhogros.com\/index.php\/tanatologia\/","title":{"rendered":"\u00bfQu\u00e9 es la Tanatolog\u00eda?"},"content":{"rendered":"<p>[et_pb_section fb_built=\u00bb1&#8243; admin_label=\u00bbSecci\u00f3n\u00bb _builder_version=\u00bb4.27.4&#8243; _module_preset=\u00bbdefault\u00bb background_color=\u00bb#2A2450&#8243; use_background_color_gradient=\u00bbon\u00bb background_color_gradient_direction=\u00bb260deg\u00bb background_color_gradient_stops=\u00bbrgba(42,36,80,0.8) 0%|#2a2450 76%\u00bb background_color_gradient_overlays_image=\u00bbon\u00bb background_color_gradient_start=\u00bbrgba(42,36,80,0.8)\u00bb background_color_gradient_end=\u00bb#2a2450&#8243; background_color_gradient_end_position=\u00bb76%\u00bb background_image=\u00bbhttps:\/\/lhogros.com\/wp-content\/uploads\/2025\/03\/Conferencia3.jpg\u00bb custom_padding=\u00bb180px||180px|||\u00bb filter_saturate=\u00bb80%\u00bb scroll_vertical_motion=\u00bb0|75|75|95|0|0|-0.5&#8243; hover_enabled=\u00bb0&#8243; background_last_edited=\u00bbon|phone\u00bb background_size_phone=\u00bbcover\u00bb global_colors_info=\u00bb{}\u00bb title_text=\u00bbConferencia3&#8243; sticky_enabled=\u00bb0&#8243;][et_pb_row _builder_version=\u00bb4.16&#8243; _module_preset=\u00bbdefault\u00bb scroll_vertical_motion_enable=\u00bbon\u00bb scroll_vertical_motion=\u00bb0|75|75|95|0|0|-0.5&#8243; scroll_fade_enable=\u00bbon\u00bb scroll_fade=\u00bb0|75|75|95|100%|100|0%\u00bb global_colors_info=\u00bb{}\u00bb][et_pb_column type=\u00bb4_4&#8243; admin_label=\u00bbColumna\u00bb _builder_version=\u00bb4.16&#8243; _module_preset=\u00bbdefault\u00bb global_colors_info=\u00bb{}\u00bb][et_pb_text _builder_version=\u00bb4.27.4&#8243; _module_preset=\u00bbdefault\u00bb text_font=\u00bbPoppins|700|||||||\u00bb text_text_color=\u00bb#FFFFFF\u00bb text_font_size=\u00bb56px\u00bb text_line_height=\u00bb1.1em\u00bb text_orientation=\u00bbcenter\u00bb max_width=\u00bb824px\u00bb module_alignment=\u00bbcenter\u00bb custom_margin=\u00bb||20px||false|false\u00bb text_font_size_tablet=\u00bb44px\u00bb text_font_size_phone=\u00bb30px\u00bb text_font_size_last_edited=\u00bbon|phone\u00bb global_colors_info=\u00bb{}\u00bb]<\/p>\n<p>Diplomado en Tanatolog\u00eda<\/p>\n<p>[\/et_pb_text][\/et_pb_column][\/et_pb_row][\/et_pb_section][et_pb_section fb_built=\u00bb1&#8243; admin_label=\u00bbSecci\u00f3n\u00bb _builder_version=\u00bb4.27.4&#8243; _module_preset=\u00bbdefault\u00bb background_color=\u00bbRGBA(0,0,0,0)\u00bb custom_padding=\u00bb0px||50px||false|false\u00bb global_colors_info=\u00bb{}\u00bb][et_pb_row column_structure=\u00bb2_5,3_5&#8243; use_custom_gutter=\u00bbon\u00bb gutter_width=\u00bb1&#8243; make_equal=\u00bbon\u00bb custom_padding_last_edited=\u00bbon|phone\u00bb admin_label=\u00bbFila\u00bb module_class=\u00bbreverse-columns\u00bb _builder_version=\u00bb4.27.4&#8243; _module_preset=\u00bbdefault\u00bb background_enable_image=\u00bboff\u00bb width=\u00bb100%\u00bb max_width=\u00bb2560px\u00bb module_alignment=\u00bbleft\u00bb custom_padding=\u00bb160px||||false|false\u00bb custom_padding_tablet=\u00bb\u00bb custom_padding_phone=\u00bb80px||||false|false\u00bb locked=\u00bboff\u00bb global_colors_info=\u00bb{}\u00bb][et_pb_column type=\u00bb2_5&#8243; module_class=\u00bbdp-vertical-align\u00bb _builder_version=\u00bb4.27.4&#8243; _module_preset=\u00bbdefault\u00bb custom_padding_tablet=\u00bb|40px|||false|false\u00bb custom_padding_phone=\u00bb||||false|false\u00bb custom_padding_last_edited=\u00bbon|phone\u00bb global_colors_info=\u00bb{}\u00bb][et_pb_image src=\u00bbhttps:\/\/lhogros.com\/wp-content\/uploads\/2025\/03\/Lhogos-maestras-titulares.jpg\u00bb title_text=\u00bbLhogos maestras titulares\u00bb _builder_version=\u00bb4.27.4&#8243; _module_preset=\u00bbdefault\u00bb height=\u00bb600px\u00bb hover_enabled=\u00bb0&#8243; border_radii=\u00bboff||30px|30px|\u00bb box_shadow_style=\u00bbpreset1&#8243; box_shadow_blur=\u00bb45px\u00bb box_shadow_spread=\u00bb-5px\u00bb box_shadow_color=\u00bbrgba(129,111,210,0.23)\u00bb global_colors_info=\u00bb{}\u00bb sticky_enabled=\u00bb0&#8243;][\/et_pb_image][\/et_pb_column][et_pb_column type=\u00bb3_5&#8243; module_class=\u00bbdp-vertical-align\u00bb _builder_version=\u00bb4.16&#8243; _module_preset=\u00bbdefault\u00bb custom_padding=\u00bb|5vw||5vw|false|false\u00bb custom_padding_tablet=\u00bb||80px|5vw|false|false\u00bb custom_padding_phone=\u00bb|5vw|80px||false|false\u00bb custom_padding_last_edited=\u00bbon|phone\u00bb global_colors_info=\u00bb{}\u00bb][et_pb_text module_class=\u00bbdp_subheading\u00bb _builder_version=\u00bb4.27.4&#8243; _module_preset=\u00bbdefault\u00bb text_font=\u00bbPoppins|||on|||||\u00bb text_text_color=\u00bb#25222E\u00bb text_font_size=\u00bb24px\u00bb text_letter_spacing=\u00bb1px\u00bb custom_margin=\u00bb||10px||false|false\u00bb custom_padding=\u00bb||||false|false\u00bb text_font_size_tablet=\u00bb20px\u00bb text_font_size_phone=\u00bb18px\u00bb text_font_size_last_edited=\u00bbon|phone\u00bb global_colors_info=\u00bb{}\u00bb]<\/p>\n<p>Nosotros Inspiramos<\/p>\n<p>[\/et_pb_text][et_pb_text _builder_version=\u00bb4.27.4&#8243; _module_preset=\u00bbdefault\u00bb text_font=\u00bbPoppins|700|||||||\u00bb text_text_color=\u00bb#25222E\u00bb text_font_size=\u00bb45px\u00bb text_line_height=\u00bb1.1em\u00bb max_width=\u00bb725px\u00bb custom_margin=\u00bb10px||20px||false|false\u00bb text_font_size_tablet=\u00bb\u00bb text_font_size_phone=\u00bb32px\u00bb text_font_size_last_edited=\u00bbon|phone\u00bb global_colors_info=\u00bb{}\u00bb]<\/p>\n<p>\u00bfQu\u00e9 es la tanatolog\u00eda<\/p>\n<p>[\/et_pb_text][et_pb_text _builder_version=\u00bb4.27.4&#8243; _module_preset=\u00bbdefault\u00bb text_font=\u00bbPoppins||||||||\u00bb text_text_color=\u00bbrgba(37,34,46,0.5)\u00bb text_line_height=\u00bb1.5em\u00bb header_text_color=\u00bb#816FD2&#8243; max_width=\u00bb664px\u00bb text_font_size_tablet=\u00bb\u00bb text_font_size_phone=\u00bb16px\u00bb text_font_size_last_edited=\u00bbon|phone\u00bb global_colors_info=\u00bb{}\u00bb]<\/p>\n<p>La Tanatolog\u00eda (Tanatos \u2013 muerte, Logos \u2013 estudio \u00f3 tratado) es una disciplina integral que estudia en primera instancia el fen\u00f3meno de la muerte en los seres humanos, y as\u00ed como de las p\u00e9rdidas en general, tratando de resolver y enfrentar las situaciones conflictivas de dolor y crisis que suceden en torno a ellas, desde distintos \u00e1mbitos del saber, como son la medicina, la psicolog\u00eda, la antropolog\u00eda f\u00edsica, la religi\u00f3n y el derecho.<\/p>\n<p>La tanatolog\u00eda ayuda a ir sanando el dolor de las p\u00e9rdidas y de la desesperanza, tanto de quien las vive, como de sus familiares y amigos, a base de la contenci\u00f3n emocional e intervenci\u00f3n. Su finalidad principal es acompa\u00f1ar a que se pueda superar de mejor manera el dolor que se genera con los cambios, con las crisis, con las p\u00e9rdidas y con la misma muerte. No se trata, pues, de solo dar consejos, ni de consolar. Es acompa\u00f1arlos para ayudarles a sanar estos dolores emocionales, que son de los m\u00e1s grandes que el ser humano puede sufrir, a trav\u00e9s de escucharlos y orientarlos en adquirir las herramientas que pueden ir desarrollando para poder fluir de mejor manera en sus circunstancias de vida.<\/p>\n<p>[\/et_pb_text][\/et_pb_column][\/et_pb_row][et_pb_row column_structure=\u00bb1_2,1_2&#8243; use_custom_gutter=\u00bbon\u00bb gutter_width=\u00bb2&#8243; make_equal=\u00bbon\u00bb _builder_version=\u00bb4.27.4&#8243; _module_preset=\u00bbdefault\u00bb width=\u00bb90%\u00bb module_alignment=\u00bbleft\u00bb custom_padding=\u00bb80px|||||\u00bb global_colors_info=\u00bb{}\u00bb][et_pb_column type=\u00bb1_2&#8243; module_class=\u00bbdp-vertical-align\u00bb admin_label=\u00bbColumna\u00bb _builder_version=\u00bb4.16&#8243; _module_preset=\u00bbdefault\u00bb global_colors_info=\u00bb{}\u00bb][dipi_image_showcase mockup=\u00bbiMac Left\u00bb loop=\u00bbon\u00bb autoplay=\u00bbon\u00bb autoplay_speed=\u00bb3000&#8243; _builder_version=\u00bb4.27.4&#8243; _module_preset=\u00bbdefault\u00bb hover_enabled=\u00bb0&#8243; global_colors_info=\u00bb{}\u00bb sticky_enabled=\u00bb0&#8243;][dipi_image_showcase_child title=\u00bbtanatologia1&#8243; bg_img=\u00bbhttps:\/\/lhogros.com\/wp-content\/uploads\/2025\/03\/que-es-la-tanatologia.jpg\u00bb _builder_version=\u00bb4.27.4&#8243; _module_preset=\u00bbdefault\u00bb hover_enabled=\u00bb0&#8243; global_colors_info=\u00bb{}\u00bb title_text=\u00bbque es la tanatologia\u00bb sticky_enabled=\u00bb0&#8243;][\/dipi_image_showcase_child][dipi_image_showcase_child title=\u00bbtanatologia2&#8243; bg_img=\u00bbhttps:\/\/lhogros.com\/wp-content\/uploads\/2025\/03\/que-es-la-tanatologia-2.jpg\u00bb _builder_version=\u00bb4.27.4&#8243; _module_preset=\u00bbdefault\u00bb hover_enabled=\u00bb0&#8243; global_colors_info=\u00bb{}\u00bb title_text=\u00bbque es la tanatologia 2&#8243; sticky_enabled=\u00bb0&#8243;][\/dipi_image_showcase_child][\/dipi_image_showcase][\/et_pb_column][et_pb_column type=\u00bb1_2&#8243; module_class=\u00bbdp-vertical-align\u00bb admin_label=\u00bbColumna\u00bb _builder_version=\u00bb4.27.4&#8243; _module_preset=\u00bbdefault\u00bb custom_padding_tablet=\u00bb|||20px|false|false\u00bb custom_padding_phone=\u00bb|||20px|false|false\u00bb custom_padding_last_edited=\u00bbon|phone\u00bb global_colors_info=\u00bb{}\u00bb][et_pb_text admin_label=\u00bbTexto\u00bb module_class=\u00bbdp_subheading\u00bb _builder_version=\u00bb4.27.4&#8243; _module_preset=\u00bbdefault\u00bb text_font=\u00bbPoppins|||on|||||\u00bb text_text_color=\u00bb#25222E\u00bb text_font_size=\u00bb24px\u00bb text_letter_spacing=\u00bb1px\u00bb custom_margin=\u00bb||10px||false|false\u00bb custom_padding=\u00bb||||false|false\u00bb text_font_size_tablet=\u00bb20px\u00bb text_font_size_phone=\u00bb18px\u00bb text_font_size_last_edited=\u00bbon|phone\u00bb global_colors_info=\u00bb{}\u00bb]<\/p>\n<p>Origen<\/p>\n<p>[\/et_pb_text][et_pb_text admin_label=\u00bbTexto\u00bb _builder_version=\u00bb4.27.4&#8243; _module_preset=\u00bbdefault\u00bb text_font=\u00bbPoppins|700|||||||\u00bb text_text_color=\u00bb#25222E\u00bb text_font_size=\u00bb45px\u00bb text_line_height=\u00bb1.1em\u00bb max_width=\u00bb725px\u00bb custom_margin=\u00bb10px||20px||false|false\u00bb text_font_size_tablet=\u00bb\u00bb text_font_size_phone=\u00bb32px\u00bb text_font_size_last_edited=\u00bbon|phone\u00bb global_colors_info=\u00bb{}\u00bb]<\/p>\n<p>Historia de la tanatolog\u00eda<\/p>\n<p>[\/et_pb_text][et_pb_text admin_label=\u00bbTexto\u00bb _builder_version=\u00bb4.27.4&#8243; _module_preset=\u00bbdefault\u00bb text_font=\u00bbPoppins||||||||\u00bb text_text_color=\u00bbrgba(37,34,46,0.5)\u00bb text_line_height=\u00bb1.5em\u00bb header_text_color=\u00bb#816FD2&#8243; max_width=\u00bb664px\u00bb text_font_size_tablet=\u00bb\u00bb text_font_size_phone=\u00bb16px\u00bb text_font_size_last_edited=\u00bbon|phone\u00bb global_colors_info=\u00bb{}\u00bb]Desde la \u00e9poca medieval, las \u00f3rdenes religiosas eran las que proporcionaban consuelo y atenci\u00f3n a los enfermos graves, en sus monasterios. Posteriormente se formaron los primeros Hospicios en donde se cuidaba a los enfermos graves.<\/p>\n<p>El t\u00e9rmino Tanatolog\u00eda, \u00abLa ciencia de la muerte\u00bb, fue acu\u00f1ado en 1901 por el m\u00e9dico ruso El\u00edas Metchnikoff, qui\u00e9n en el a\u00f1o de 1908 recibiera el Premio Nobel de Medicina. En ese momento la Tanatolog\u00eda fue considerada como una rama de la medicina forense que trataba de la muerte y de todo lo relativo a los cad\u00e1veres desde el punto de vista m\u00e9dico-legal.<\/p>\n<p>En 1930, como resultado de grandes avances en la medicina, empez\u00f3 un per\u00edodo que confinaba la muerte en los hospitales, y en la d\u00e9cada de 1950 esto se generaliz\u00f3 cada vez m\u00e1s. As\u00ed el cuidado de los enfermos en fase terminal fue trasladado de la casa a las instituciones hospitalarias, de modo que la sociedad de la \u00e9poca \u00abescondi\u00f3\u00bb la muerte en un af\u00e1n de hacerla menos visible, para no recordar los horrores de la Segunda Guerra Mundial.<\/p>\n<p>Sin embargo, a mediados del siglo pasado los m\u00e9dicos psiquiatras Eissler (en su obra \u201cEl Psiquiatra\u201d y \u201cEl paciente moribundo\u201d), y Elizabeth K\u00fcbler-Ross (en su libro \u201cSobre la muerte y los moribundos\u201d) dieron a la Tanatolog\u00eda otro enfoque que ha prevalecido en la actualidad[\/et_pb_text][\/et_pb_column][\/et_pb_row][\/et_pb_section][et_pb_section fb_built=\u00bb1&#8243; custom_padding_last_edited=\u00bbon|desktop\u00bb disabled_on=\u00bboff|off|off\u00bb _builder_version=\u00bb4.27.4&#8243; _module_preset=\u00bbdefault\u00bb background_color=\u00bb#122f28&#8243; background_image=\u00bbhttps:\/\/lhogros.com\/wp-content\/uploads\/2021\/04\/creative-bg-03a-20250326-181355.png\u00bb background_size=\u00bbinitial\u00bb background_position=\u00bbtop_center\u00bb custom_margin=\u00bb||||false|false\u00bb custom_padding=\u00bb100px||100px||false|false\u00bb custom_padding_tablet=\u00bb\u00bb custom_padding_phone=\u00bb60px||60px||false|false\u00bb border_radii=\u00bboff||||\u00bb locked=\u00bboff\u00bb global_colors_info=\u00bb{}\u00bb][\/et_pb_section]<\/p>\n","protected":false},"excerpt":{"rendered":"<p>Diplomado en Tanatolog\u00edaNosotros Inspiramos\u00bfQu\u00e9 es la tanatolog\u00edaLa Tanatolog\u00eda (Tanatos \u2013 muerte, Logos \u2013 estudio \u00f3 tratado) es una disciplina integral que estudia en primera instancia el fen\u00f3meno de la muerte en los seres humanos, y as\u00ed como de las p\u00e9rdidas en general, tratando de resolver y enfrentar las situaciones conflictivas de dolor y crisis que [&hellip;]<\/p>\n","protected":false},"author":1,"featured_media":0,"parent":0,"menu_order":0,"comment_status":"closed","ping_status":"closed","template":"","meta":{"_et_pb_use_builder":"on","_et_pb_old_content":"","_et_gb_content_width":"","footnotes":""},"dipi_cpt_category":[],"class_list":["post-240988","page","type-page","status-publish","hentry"],"_links":{"self":[{"href":"https:\/\/lhogros.com\/index.php\/wp-json\/wp\/v2\/pages\/240988","targetHints":{"allow":["GET"]}}],"collection":[{"href":"https:\/\/lhogros.com\/index.php\/wp-json\/wp\/v2\/pages"}],"about":[{"href":"https:\/\/lhogros.com\/index.php\/wp-json\/wp\/v2\/types\/page"}],"author":[{"embeddable":true,"href":"https:\/\/lhogros.com\/index.php\/wp-json\/wp\/v2\/users\/1"}],"replies":[{"embeddable":true,"href":"https:\/\/lhogros.com\/index.php\/wp-json\/wp\/v2\/comments?post=240988"}],"version-history":[{"count":45,"href":"https:\/\/lhogros.com\/index.php\/wp-json\/wp\/v2\/pages\/240988\/revisions"}],"predecessor-version":[{"id":242274,"href":"https:\/\/lhogros.com\/index.php\/wp-json\/wp\/v2\/pages\/240988\/revisions\/242274"}],"wp:attachment":[{"href":"https:\/\/lhogros.com\/index.php\/wp-json\/wp\/v2\/media?parent=240988"}],"wp:term":[{"taxonomy":"dipi_cpt_category","embeddable":true,"href":"https:\/\/lhogros.com\/index.php\/wp-json\/wp\/v2\/dipi_cpt_category?post=240988"}],"curies":[{"name":"wp","href":"https:\/\/api.w.org\/{rel}","templated":true}]}}