{"id":256,"date":"2021-05-04T13:17:35","date_gmt":"2021-05-04T13:17:35","guid":{"rendered":"https:\/\/demo.divi-pixel.com\/creative-new\/?page_id=256"},"modified":"2025-05-28T16:28:29","modified_gmt":"2025-05-28T16:28:29","slug":"contacto","status":"publish","type":"page","link":"https:\/\/lhogros.com\/index.php\/contacto\/","title":{"rendered":"Contacto"},"content":{"rendered":"<p>[et_pb_section fb_built=\u00bb1&#8243; admin_label=\u00bbSecci\u00f3n\u00bb _builder_version=\u00bb4.27.4&#8243; _module_preset=\u00bbdefault\u00bb background_color=\u00bb#2A2450&#8243; use_background_color_gradient=\u00bbon\u00bb background_color_gradient_direction=\u00bb260deg\u00bb background_color_gradient_stops=\u00bbrgba(42,36,80,0.8) 0%|#2a2450 76%\u00bb background_color_gradient_overlays_image=\u00bbon\u00bb background_color_gradient_start=\u00bbrgba(42,36,80,0.8)\u00bb background_color_gradient_end=\u00bb#2a2450&#8243; background_color_gradient_end_position=\u00bb76%\u00bb background_image=\u00bbhttps:\/\/lhogros.com\/wp-content\/uploads\/2025\/03\/Dudas-inquietudes.jpg\u00bb custom_padding=\u00bb180px||240px||false|false\u00bb filter_saturate=\u00bb80%\u00bb scroll_vertical_motion=\u00bb0|70|70|100|0|0|-1&#8243; background_last_edited=\u00bboff|desktop\u00bb background_size_phone=\u00bbcover\u00bb background_image_width_phone=\u00bb360px\u00bb global_colors_info=\u00bb{}\u00bb][et_pb_row _builder_version=\u00bb4.16&#8243; _module_preset=\u00bbdefault\u00bb scroll_vertical_motion_enable=\u00bbon\u00bb scroll_vertical_motion=\u00bb0|75|75|95|0|0|-0.5&#8243; scroll_fade_enable=\u00bbon\u00bb scroll_fade=\u00bb0|75|75|95|100%|100|0%\u00bb global_colors_info=\u00bb{}\u00bb][et_pb_column type=\u00bb4_4&#8243; _builder_version=\u00bb4.16&#8243; _module_preset=\u00bbdefault\u00bb global_colors_info=\u00bb{}\u00bb][et_pb_text module_class=\u00bbdp_subheading\u00bb _builder_version=\u00bb4.27.4&#8243; _module_preset=\u00bbdefault\u00bb text_font=\u00bbPoppins|||on|||||\u00bb text_text_color=\u00bb#FFFFFF\u00bb text_font_size=\u00bb24px\u00bb text_letter_spacing=\u00bb1px\u00bb custom_margin=\u00bb||10px||false|false\u00bb custom_padding=\u00bb||||false|false\u00bb text_font_size_tablet=\u00bb20px\u00bb text_font_size_phone=\u00bb18px\u00bb text_font_size_last_edited=\u00bbon|phone\u00bb global_colors_info=\u00bb{}\u00bb]<\/p>\n<p>Ponte en contacto<\/p>\n<p>[\/et_pb_text][et_pb_text _builder_version=\u00bb4.27.4&#8243; _module_preset=\u00bbdefault\u00bb text_font=\u00bbPoppins|700|||||||\u00bb text_text_color=\u00bb#FFFFFF\u00bb text_font_size=\u00bb56px\u00bb text_line_height=\u00bb1.1em\u00bb max_width=\u00bb833px\u00bb custom_margin=\u00bb20px||30px||false|false\u00bb text_font_size_tablet=\u00bb44px\u00bb text_font_size_phone=\u00bb30px\u00bb text_font_size_last_edited=\u00bbon|phone\u00bb global_colors_info=\u00bb{}\u00bb]<\/p>\n<p>\u00bfDudas o inquietudes?<\/p>\n<p>[\/et_pb_text][dipi_breadcrumbs bc_separator_icon=\u00bb&#x35;||divi||400&#8243; bc_separator_color=\u00bb#FFFFFF\u00bb bc_separator_space=\u00bb0px\u00bb bc_item_bg_color=\u00bbrgba(255,255,255,0.1)\u00bb bc_item_padding=\u00bb5px|20px|5px|20px|false|false\u00bb bc_active_item_color=\u00bbrgba(255,255,255,0.1)\u00bb bc_active_item_padding=\u00bb5px|20px|5px|20px|false|false\u00bb bc_hover_item_bg_color=\u00bb#FFFFFF\u00bb disabled_on=\u00bbon|on|on\u00bb _builder_version=\u00bb4.27.4&#8243; _module_preset=\u00bbdefault\u00bb items_font=\u00bbPoppins|300|||||||\u00bb items_text_color=\u00bb#FFFFFF\u00bb items_font_size=\u00bb14px\u00bb hover_text_color=\u00bb#25222E\u00bb active_font=\u00bb|300|||||||\u00bb border_radii_items=\u00bbon|20px|20px|20px|20px\u00bb border_radii_active=\u00bbon|20px|20px|20px|20px\u00bb disabled=\u00bbon\u00bb global_colors_info=\u00bb{}\u00bb][\/dipi_breadcrumbs][\/et_pb_column][\/et_pb_row][\/et_pb_section][et_pb_section fb_built=\u00bb1&#8243; admin_label=\u00bbSecci\u00f3n\u00bb _builder_version=\u00bb4.16&#8243; _module_preset=\u00bbdefault\u00bb background_color=\u00bbRGBA(0,0,0,0)\u00bb custom_padding=\u00bb0px|||||\u00bb locked=\u00bboff\u00bb global_colors_info=\u00bb{}\u00bb][et_pb_row column_structure=\u00bb1_3,1_3,1_3&#8243; _builder_version=\u00bb4.16&#8243; _module_preset=\u00bbdefault\u00bb custom_margin=\u00bb-100px||||false|false\u00bb custom_padding=\u00bb0px||0px|||\u00bb global_colors_info=\u00bb{}\u00bb][et_pb_column type=\u00bb1_3&#8243; _builder_version=\u00bb4.16&#8243; _module_preset=\u00bbdefault\u00bb global_colors_info=\u00bb{}\u00bb][dipi_hover_box content_title=\u00bbTanatolog\u00eda\u00bb use_content_icon=\u00bbon\u00bb content_icon=\u00bb&#xe012;||divi||400&#8243; content_icon_color=\u00bb#C989DA\u00bb content_hover_content=\u00bbLa Tanatolog\u00eda es una disciplina que estudia la muerte y las p\u00e9rdidas en los seres humanos. Ayuda a enfrentar el dolor e integra conocimientos de medicina, psicolog\u00eda, antropolog\u00eda, religi\u00f3n y derecho.\u00bb use_content_hover_button=\u00bbon\u00bb content_hover_button_text=\u00bbVer M\u00e1s\u00bb content_hover_button_link=\u00bbhttps:\/\/lhogros.com\/index.php\/tanatologia\/\u00bb animation_speed=\u00bb300ms\u00bb box_height=\u00bb270px\u00bb content_bg_color=\u00bb#F9F9FE\u00bb content_hover_bg_use_color_gradient=\u00bbon\u00bb content_hover_bg_color_gradient_direction=\u00bb99deg\u00bb content_hover_bg_color_gradient_stops=\u00bb#816fd2 0%|#c989da 100%\u00bb content_hover_bg_color_gradient_start=\u00bb#816fd2&#8243; content_hover_bg_color_gradient_end=\u00bb#c989da\u00bb _builder_version=\u00bb4.27.4&#8243; _module_preset=\u00bbdefault\u00bb content_desc_font_size=\u00bb16px\u00bb content_hover_desc_text_color=\u00bb#FFFFFF\u00bb content_hover_desc_font_size=\u00bb16px\u00bb background_color=\u00bbRGBA(0,0,0,0)\u00bb custom_content_hover_button=\u00bbon\u00bb content_hover_button_text_size=\u00bb14px\u00bb content_hover_button_text_color=\u00bb#816FD2&#8243; content_hover_button_bg_color=\u00bb#FFFFFF\u00bb content_hover_button_bg_color_gradient_start=\u00bb#816fd2&#8243; content_hover_button_bg_color_gradient_end=\u00bb#c989da\u00bb content_hover_button_use_icon=\u00bboff\u00bb content_hover_button_custom_padding=\u00bb||||false|false\u00bb custom_margin=\u00bb||||false|false\u00bb custom_css_content_description=\u00bbmax-width: 450px;||margin:auto;\u00bb custom_css_content_hover_description=\u00bbmax-width: 450px;||margin:auto;||padding-bottom: 10px;\u00bb custom_css_content_hover_button=\u00bbpadding: 10px 20px !important;\u00bb border_radii=\u00bbon|5px|5px|5px|5px\u00bb global_colors_info=\u00bb{}\u00bb custom_css_content_hover_button__hover_enabled=\u00bbon|hover\u00bb custom_css_content_hover_button__hover=\u00bbpadding: 10px 20px !important;||transform: scale(1.05);\u00bb overlay_bg_color_gradient_type_tablet=\u00bblinear\u00bb overlay_bg_color_gradient_type_phone=\u00bblinear\u00bb overlay_bg_color_gradient_type__hover=\u00bblinear\u00bb image_bg_color_gradient_type__hover=\u00bblinear\u00bb][\/dipi_hover_box][\/et_pb_column][et_pb_column type=\u00bb1_3&#8243; _builder_version=\u00bb4.16&#8243; _module_preset=\u00bbdefault\u00bb global_colors_info=\u00bb{}\u00bb][dipi_hover_box content_title=\u00bbNosotros\u00bb use_content_icon=\u00bbon\u00bb content_icon=\u00bb&#x76;||divi||400&#8243; content_icon_color=\u00bb#C989DA\u00bb content_hover_content=\u00bbInstituto de Desarrollo y Capacitaci\u00f3n Lhogros, S.C.\u00bb use_content_hover_button=\u00bbon\u00bb content_hover_button_text=\u00bbVer M\u00e1s\u00bb content_hover_button_link=\u00bbhttps:\/\/lhogros.com\/index.php\/nosotros\/\u00bb animation_speed=\u00bb300ms\u00bb box_height=\u00bb270px\u00bb content_bg_color=\u00bb#F9F9FE\u00bb content_hover_bg_use_color_gradient=\u00bbon\u00bb content_hover_bg_color_gradient_direction=\u00bb99deg\u00bb content_hover_bg_color_gradient_stops=\u00bb#816fd2 0%|#c989da 100%\u00bb content_hover_bg_color_gradient_start=\u00bb#816fd2&#8243; content_hover_bg_color_gradient_end=\u00bb#c989da\u00bb _builder_version=\u00bb4.27.4&#8243; _module_preset=\u00bbdefault\u00bb content_desc_font_size=\u00bb16px\u00bb content_hover_desc_text_color=\u00bb#FFFFFF\u00bb content_hover_desc_font_size=\u00bb16px\u00bb background_color=\u00bbRGBA(0,0,0,0)\u00bb custom_content_hover_button=\u00bbon\u00bb content_hover_button_text_size=\u00bb14px\u00bb content_hover_button_text_color=\u00bb#816FD2&#8243; content_hover_button_bg_color=\u00bb#FFFFFF\u00bb content_hover_button_bg_color_gradient_start=\u00bb#816fd2&#8243; content_hover_button_bg_color_gradient_end=\u00bb#c989da\u00bb content_hover_button_use_icon=\u00bboff\u00bb content_hover_button_custom_padding=\u00bb||||false|false\u00bb custom_margin=\u00bb||||false|false\u00bb custom_css_content_description=\u00bbmax-width: 450px;||margin:auto;\u00bb custom_css_content_hover_description=\u00bbmax-width: 450px;||margin:auto;||padding-bottom: 10px;\u00bb custom_css_content_hover_button=\u00bbpadding: 10px 20px !important;\u00bb border_radii=\u00bbon|5px|5px|5px|5px\u00bb global_colors_info=\u00bb{}\u00bb custom_css_content_hover_button__hover_enabled=\u00bbon|hover\u00bb custom_css_content_hover_button__hover=\u00bbpadding: 10px 20px !important;||transform: scale(1.05);\u00bb overlay_bg_color_gradient_type_tablet=\u00bblinear\u00bb overlay_bg_color_gradient_type_phone=\u00bblinear\u00bb overlay_bg_color_gradient_type__hover=\u00bblinear\u00bb image_bg_color_gradient_type__hover=\u00bblinear\u00bb][\/dipi_hover_box][\/et_pb_column][et_pb_column type=\u00bb1_3&#8243; _builder_version=\u00bb4.16&#8243; _module_preset=\u00bbdefault\u00bb global_colors_info=\u00bb{}\u00bb][dipi_hover_box content_title=\u00bbProyectos\u00bb use_content_icon=\u00bbon\u00bb content_icon=\u00bb&#x69;||divi||400&#8243; content_icon_color=\u00bb#C989DA\u00bb content_hover_content=\u00bbTalleres, conferencias y seminarios en Tanatolog\u00eda.\u00bb use_content_hover_button=\u00bbon\u00bb content_hover_button_text=\u00bbVer M\u00e1s\u00bb content_hover_button_link=\u00bbhttps:\/\/lhogros.com\/index.php\/productos\/\u00bb animation_speed=\u00bb300ms\u00bb box_height=\u00bb270px\u00bb content_bg_color=\u00bb#F9F9FE\u00bb content_hover_bg_use_color_gradient=\u00bbon\u00bb content_hover_bg_color_gradient_direction=\u00bb99deg\u00bb content_hover_bg_color_gradient_stops=\u00bb#816fd2 0%|#c989da 100%\u00bb content_hover_bg_color_gradient_start=\u00bb#816fd2&#8243; content_hover_bg_color_gradient_end=\u00bb#c989da\u00bb _builder_version=\u00bb4.27.4&#8243; _module_preset=\u00bbdefault\u00bb content_desc_font_size=\u00bb16px\u00bb content_hover_desc_text_color=\u00bb#FFFFFF\u00bb content_hover_desc_font_size=\u00bb16px\u00bb background_color=\u00bbRGBA(0,0,0,0)\u00bb custom_content_hover_button=\u00bbon\u00bb content_hover_button_text_size=\u00bb14px\u00bb content_hover_button_text_color=\u00bb#816FD2&#8243; content_hover_button_bg_color=\u00bb#FFFFFF\u00bb content_hover_button_bg_color_gradient_start=\u00bb#816fd2&#8243; content_hover_button_bg_color_gradient_end=\u00bb#c989da\u00bb content_hover_button_use_icon=\u00bboff\u00bb content_hover_button_custom_padding=\u00bb||||false|false\u00bb custom_margin=\u00bb||||false|false\u00bb custom_css_content_description=\u00bbmax-width: 450px;||margin:auto;\u00bb custom_css_content_hover_description=\u00bbmax-width: 450px;||margin:auto;||padding-bottom: 10px;\u00bb custom_css_content_hover_button=\u00bbpadding: 10px 20px !important;\u00bb border_radii=\u00bbon|5px|5px|5px|5px\u00bb global_colors_info=\u00bb{}\u00bb custom_css_content_hover_button__hover_enabled=\u00bbon|hover\u00bb custom_css_content_hover_button__hover=\u00bbpadding: 10px 20px !important;||transform: scale(1.05);\u00bb overlay_bg_color_gradient_type_tablet=\u00bblinear\u00bb overlay_bg_color_gradient_type_phone=\u00bblinear\u00bb overlay_bg_color_gradient_type__hover=\u00bblinear\u00bb image_bg_color_gradient_type__hover=\u00bblinear\u00bb][\/dipi_hover_box][\/et_pb_column][\/et_pb_row][\/et_pb_section][et_pb_section fb_built=\u00bb1&#8243; admin_label=\u00bbSecci\u00f3n\u00bb _builder_version=\u00bb4.27.4&#8243; _module_preset=\u00bbdefault\u00bb custom_margin=\u00bb0px||||false|false\u00bb custom_padding=\u00bb30px||50px||false|false\u00bb global_colors_info=\u00bb{}\u00bb][et_pb_row column_structure=\u00bb1_2,1_2&#8243; make_equal=\u00bbon\u00bb _builder_version=\u00bb4.16&#8243; _module_preset=\u00bbdefault\u00bb global_colors_info=\u00bb{}\u00bb][et_pb_column type=\u00bb1_2&#8243; module_class=\u00bbdp-vertical-align\u00bb _builder_version=\u00bb4.16&#8243; _module_preset=\u00bbdefault\u00bb global_colors_info=\u00bb{}\u00bb][et_pb_text _builder_version=\u00bb4.27.4&#8243; _module_preset=\u00bbdefault\u00bb text_font=\u00bbPoppins|700|||||||\u00bb text_text_color=\u00bb#25222E\u00bb text_font_size=\u00bb56px\u00bb text_line_height=\u00bb1.1em\u00bb max_width=\u00bb725px\u00bb custom_margin=\u00bb||20px||false|false\u00bb text_font_size_tablet=\u00bb\u00bb text_font_size_phone=\u00bb32px\u00bb text_font_size_last_edited=\u00bbon|phone\u00bb global_colors_info=\u00bb{}\u00bb]<\/p>\n<p>Contactanos<\/p>\n<p>[\/et_pb_text][et_pb_text _builder_version=\u00bb4.27.4&#8243; _module_preset=\u00bbdefault\u00bb text_font=\u00bbPoppins||||||||\u00bb text_text_color=\u00bbrgba(37,34,46,0.5)\u00bb text_font_size=\u00bb20px\u00bb text_line_height=\u00bb1.5em\u00bb header_text_color=\u00bb#816FD2&#8243; header_4_font_size=\u00bb21px\u00bb header_4_line_height=\u00bb2.5em\u00bb max_width=\u00bb593px\u00bb custom_margin=\u00bb||0px||false|false\u00bb hover_enabled=\u00bb0&#8243; text_font_size_tablet=\u00bb\u00bb text_font_size_phone=\u00bb16px\u00bb text_font_size_last_edited=\u00bbon|phone\u00bb global_colors_info=\u00bb{}\u00bb sticky_enabled=\u00bb0&#8243;]<\/p>\n<p>Si est\u00e1s interesado o tienes dudas puedes enviarnos un correo al cual responderemos lo m\u00e1s pronto posible.<\/p>\n<p>Lilia Horcasitas\u00a0<br \/>Gabriela Roel<br \/>Gabriela Gastelum\u00a0<br \/>Luz Elena Flores Castro\u00a0<\/p>\n<p>&nbsp;<\/p>\n<p>[\/et_pb_text][et_pb_social_media_follow _builder_version=\u00bb4.16&#8243; _module_preset=\u00bbdefault\u00bb global_colors_info=\u00bb{}\u00bb][et_pb_social_media_follow_network social_network=\u00bbfacebook\u00bb _builder_version=\u00bb4.16&#8243; _module_preset=\u00bbdefault\u00bb background_color=\u00bb#3b5998&#8243; global_colors_info=\u00bb{}\u00bb follow_button=\u00bboff\u00bb url_new_window=\u00bbon\u00bb]facebook[\/et_pb_social_media_follow_network][et_pb_social_media_follow_network social_network=\u00bbtwitter\u00bb _builder_version=\u00bb4.22.2&#8243; _module_preset=\u00bbdefault\u00bb background_color=\u00bb#000000&#8243; global_colors_info=\u00bb{}\u00bb follow_button=\u00bboff\u00bb url_new_window=\u00bbon\u00bb]twitter[\/et_pb_social_media_follow_network][et_pb_social_media_follow_network social_network=\u00bblinkedin\u00bb _builder_version=\u00bb4.16&#8243; _module_preset=\u00bbdefault\u00bb background_color=\u00bb#007bb6&#8243; global_colors_info=\u00bb{}\u00bb follow_button=\u00bboff\u00bb url_new_window=\u00bbon\u00bb]linkedin[\/et_pb_social_media_follow_network][et_pb_social_media_follow_network social_network=\u00bbinstagram\u00bb _builder_version=\u00bb4.16&#8243; _module_preset=\u00bbdefault\u00bb background_color=\u00bb#ea2c59&#8243; global_colors_info=\u00bb{}\u00bb follow_button=\u00bboff\u00bb url_new_window=\u00bbon\u00bb]instagram[\/et_pb_social_media_follow_network][et_pb_social_media_follow_network social_network=\u00bbskype\u00bb _builder_version=\u00bb4.16&#8243; _module_preset=\u00bbdefault\u00bb background_color=\u00bb#12A5F4&#8243; global_colors_info=\u00bb{}\u00bb follow_button=\u00bboff\u00bb url_new_window=\u00bbon\u00bb]skype[\/et_pb_social_media_follow_network][\/et_pb_social_media_follow][\/et_pb_column][et_pb_column type=\u00bb1_2&#8243; _builder_version=\u00bb4.16&#8243; _module_preset=\u00bbdefault\u00bb global_colors_info=\u00bb{}\u00bb][et_pb_contact_form email=\u00bbadmon.lhogros@gmail.com\u00bb title=\u00bbFormulario de Contacto\u00bb custom_message=\u00bbNombre: %%first_name%%||et_pb_line_break_holder||||et_pb_line_break_holder||Correo: %%Email%%||et_pb_line_break_holder||||et_pb_line_break_holder||Mensaje: %%Message%%\u00bb success_message=\u00bbMensaje enviado con \u00e9xito\u00bb submit_button_text=\u00bbEnviar\u00bb _builder_version=\u00bb4.27.4&#8243; _module_preset=\u00bbdefault\u00bb _unique_id=\u00bb99c946f4-7233-40ea-833c-129157541a9d\u00bb form_field_background_color=\u00bbRGBA(0,0,0,0)\u00bb custom_button=\u00bbon\u00bb button_bg_use_color_gradient=\u00bbon\u00bb button_bg_color_gradient_direction=\u00bb155deg\u00bb button_bg_color_gradient_stops=\u00bb#816fd2 0%|#c989da 100%\u00bb button_bg_color_gradient_start=\u00bb#816fd2&#8243; button_bg_color_gradient_end=\u00bb#c989da\u00bb button_use_icon=\u00bboff\u00bb hover_enabled=\u00bb0&#8243; custom_css_contact_button=\u00bbpadding: 10px 30px !important;\u00bb custom_css_contact_fields=\u00bbborder-bottom: solid 1px #2f2b5a24 !important;\u00bb custom_css_text_field=\u00bbborder-bottom: solid 1px #2f2b5a24 !important;\u00bb global_colors_info=\u00bb{}\u00bb custom_css_contact_button__hover_enabled=\u00bbon|hover\u00bb custom_css_contact_button__hover=\u00bbpadding: 10px 30px !important;||transform: scale(1.05);\u00bb captcha=\u00bboff\u00bb sticky_enabled=\u00bb0&#8243;][et_pb_contact_field field_id=\u00bbfirst_name\u00bb field_title=\u00bbNombre\u00bb fullwidth_field=\u00bbon\u00bb _builder_version=\u00bb4.27.4&#8243; global_colors_info=\u00bb{}\u00bb button_text_size__hover_enabled=\u00bboff\u00bb button_one_text_size__hover_enabled=\u00bboff\u00bb button_two_text_size__hover_enabled=\u00bboff\u00bb button_text_color__hover_enabled=\u00bboff\u00bb button_one_text_color__hover_enabled=\u00bboff\u00bb button_two_text_color__hover_enabled=\u00bboff\u00bb button_border_width__hover_enabled=\u00bboff\u00bb button_one_border_width__hover_enabled=\u00bboff\u00bb button_two_border_width__hover_enabled=\u00bboff\u00bb button_border_color__hover_enabled=\u00bboff\u00bb button_one_border_color__hover_enabled=\u00bboff\u00bb button_two_border_color__hover_enabled=\u00bboff\u00bb button_border_radius__hover_enabled=\u00bboff\u00bb button_one_border_radius__hover_enabled=\u00bboff\u00bb button_two_border_radius__hover_enabled=\u00bboff\u00bb button_letter_spacing__hover_enabled=\u00bboff\u00bb button_one_letter_spacing__hover_enabled=\u00bboff\u00bb button_two_letter_spacing__hover_enabled=\u00bboff\u00bb button_bg_color__hover_enabled=\u00bboff\u00bb button_one_bg_color__hover_enabled=\u00bboff\u00bb button_two_bg_color__hover_enabled=\u00bboff\u00bb][\/et_pb_contact_field][et_pb_contact_field field_id=\u00bbEmail\u00bb field_title=\u00bbCorreo\u00bb field_type=\u00bbemail\u00bb fullwidth_field=\u00bbon\u00bb _builder_version=\u00bb4.27.4&#8243; global_colors_info=\u00bb{}\u00bb button_text_size__hover_enabled=\u00bboff\u00bb button_one_text_size__hover_enabled=\u00bboff\u00bb button_two_text_size__hover_enabled=\u00bboff\u00bb button_text_color__hover_enabled=\u00bboff\u00bb button_one_text_color__hover_enabled=\u00bboff\u00bb button_two_text_color__hover_enabled=\u00bboff\u00bb button_border_width__hover_enabled=\u00bboff\u00bb button_one_border_width__hover_enabled=\u00bboff\u00bb button_two_border_width__hover_enabled=\u00bboff\u00bb button_border_color__hover_enabled=\u00bboff\u00bb button_one_border_color__hover_enabled=\u00bboff\u00bb button_two_border_color__hover_enabled=\u00bboff\u00bb button_border_radius__hover_enabled=\u00bboff\u00bb button_one_border_radius__hover_enabled=\u00bboff\u00bb button_two_border_radius__hover_enabled=\u00bboff\u00bb button_letter_spacing__hover_enabled=\u00bboff\u00bb button_one_letter_spacing__hover_enabled=\u00bboff\u00bb button_two_letter_spacing__hover_enabled=\u00bboff\u00bb button_bg_color__hover_enabled=\u00bboff\u00bb button_one_bg_color__hover_enabled=\u00bboff\u00bb button_two_bg_color__hover_enabled=\u00bboff\u00bb][\/et_pb_contact_field][et_pb_contact_field field_id=\u00bbMessage\u00bb field_title=\u00bbMensaje\u00bb field_type=\u00bbtext\u00bb fullwidth_field=\u00bbon\u00bb _builder_version=\u00bb4.27.4&#8243; global_colors_info=\u00bb{}\u00bb button_text_size__hover_enabled=\u00bboff\u00bb button_one_text_size__hover_enabled=\u00bboff\u00bb button_two_text_size__hover_enabled=\u00bboff\u00bb button_text_color__hover_enabled=\u00bboff\u00bb button_one_text_color__hover_enabled=\u00bboff\u00bb button_two_text_color__hover_enabled=\u00bboff\u00bb button_border_width__hover_enabled=\u00bboff\u00bb button_one_border_width__hover_enabled=\u00bboff\u00bb button_two_border_width__hover_enabled=\u00bboff\u00bb button_border_color__hover_enabled=\u00bboff\u00bb button_one_border_color__hover_enabled=\u00bboff\u00bb button_two_border_color__hover_enabled=\u00bboff\u00bb button_border_radius__hover_enabled=\u00bboff\u00bb button_one_border_radius__hover_enabled=\u00bboff\u00bb button_two_border_radius__hover_enabled=\u00bboff\u00bb button_letter_spacing__hover_enabled=\u00bboff\u00bb button_one_letter_spacing__hover_enabled=\u00bboff\u00bb button_two_letter_spacing__hover_enabled=\u00bboff\u00bb button_bg_color__hover_enabled=\u00bboff\u00bb button_one_bg_color__hover_enabled=\u00bboff\u00bb button_two_bg_color__hover_enabled=\u00bboff\u00bb][\/et_pb_contact_field][\/et_pb_contact_form][\/et_pb_column][\/et_pb_row][\/et_pb_section][et_pb_section fb_built=\u00bb1&#8243; custom_padding_last_edited=\u00bbon|desktop\u00bb disabled_on=\u00bboff|off|off\u00bb _builder_version=\u00bb4.27.4&#8243; _module_preset=\u00bbdefault\u00bb background_color=\u00bb#122f28&#8243; background_image=\u00bbhttps:\/\/lhogros.com\/wp-content\/uploads\/2021\/04\/creative-bg-03a-20250326-181355.png\u00bb background_size=\u00bbinitial\u00bb background_position=\u00bbtop_center\u00bb custom_margin=\u00bb||||false|false\u00bb custom_padding=\u00bb100px||100px||false|false\u00bb custom_padding_tablet=\u00bb\u00bb custom_padding_phone=\u00bb60px||60px||false|false\u00bb border_radii=\u00bboff||||\u00bb locked=\u00bboff\u00bb global_colors_info=\u00bb{}\u00bb][\/et_pb_section]<\/p>\n","protected":false},"excerpt":{"rendered":"<p>Ponte en contacto\u00bfDudas o inquietudes?<div class=\"et_pb_module dipi_hover_box dipi_hover_box_0\">\n\t\t\t\t\n\t\t\t\t\n\t\t\t\t\n\t\t\t\t\n\t\t\t\t\n\t\t\t\t\n\t\t\t\t<div class=\"et_pb_module_inner\">\n\t\t\t\t\t<div class=\"dipi-hover-box-container dipi-hover-box-slide-top hover_box_align_front_center hover_box_align_back_center\" data-force_square=\"off\">\n                <div class=\"dipi-hover-box-inner-wrapper\">\n                    <div class=\"dipi-hover-box-content\">\n              \n              <div class=\"dipi-hover-box-content-innner\">\n                    \n                    <div class=\"dipi-text\">\n                        <h2 class=\"dipi-hover-box-heading\">\n                    \u00bbTanatolog\u00eda\u00bb\n                <\/h2>\n                        <div class=\"dipi-desc\"><\/div>\n                    <\/div>\n              <\/div>\n            <\/div>\n            \n                    <div class=\"dipi-hover-box-hover\">\n                \n                <div class=\"dipi-hover-box-hover-innner\">\n                    \n                    <div class=\"dipi-text\">\n                        \n                        <div class=\"dipi-desc\">\n                    \u00bbLa\n                <\/div>\n                    <\/div>\n                    \n                <\/div>\n            <\/div>\n                <\/div>\n            <\/div>\n\t\t\t\t<\/div>\n\t\t\t<\/div><\/p>\n","protected":false},"author":1,"featured_media":0,"parent":0,"menu_order":0,"comment_status":"closed","ping_status":"closed","template":"","meta":{"_et_pb_use_builder":"on","_et_pb_old_content":"","_et_gb_content_width":"","footnotes":""},"dipi_cpt_category":[],"class_list":["post-256","page","type-page","status-publish","hentry"],"_links":{"self":[{"href":"https:\/\/lhogros.com\/index.php\/wp-json\/wp\/v2\/pages\/256","targetHints":{"allow":["GET"]}}],"collection":[{"href":"https:\/\/lhogros.com\/index.php\/wp-json\/wp\/v2\/pages"}],"about":[{"href":"https:\/\/lhogros.com\/index.php\/wp-json\/wp\/v2\/types\/page"}],"author":[{"embeddable":true,"href":"https:\/\/lhogros.com\/index.php\/wp-json\/wp\/v2\/users\/1"}],"replies":[{"embeddable":true,"href":"https:\/\/lhogros.com\/index.php\/wp-json\/wp\/v2\/comments?post=256"}],"version-history":[{"count":36,"href":"https:\/\/lhogros.com\/index.php\/wp-json\/wp\/v2\/pages\/256\/revisions"}],"predecessor-version":[{"id":242241,"href":"https:\/\/lhogros.com\/index.php\/wp-json\/wp\/v2\/pages\/256\/revisions\/242241"}],"wp:attachment":[{"href":"https:\/\/lhogros.com\/index.php\/wp-json\/wp\/v2\/media?parent=256"}],"wp:term":[{"taxonomy":"dipi_cpt_category","embeddable":true,"href":"https:\/\/lhogros.com\/index.php\/wp-json\/wp\/v2\/dipi_cpt_category?post=256"}],"curies":[{"name":"wp","href":"https:\/\/api.w.org\/{rel}","templated":true}]}}